{"id":571,"date":"2024-08-15T20:17:13","date_gmt":"2024-08-15T23:17:13","guid":{"rendered":"https:\/\/embalapersonalizados.com.br\/?post_type=product&#038;p=571"},"modified":"2024-09-07T18:00:19","modified_gmt":"2024-09-07T21:00:19","slug":"saco-para-adubos-e-insumos","status":"publish","type":"product","link":"https:\/\/embalapersonalizados.com.br\/index.php\/produto\/saco-para-adubos-e-insumos\/","title":{"rendered":"Sacos para Adubo e Insumos Personalizados"},"content":{"rendered":"<p>Tamanho:<\/p>\n<p>Peso:<\/p>\n<p>Quantidade:<\/p>\n<p>&nbsp;<\/p>\n<p>&nbsp;<\/p>\n<p>&nbsp;<\/p>\n<p>sacos para adubos personalizados resist\u00eancia prote\u00e7\u00e3o versatilidade insumos agr\u00edcolas fertilizantes marca embalagem sustent\u00e1vel recicl\u00e1vel alta densidade<\/p>\n","protected":false},"excerpt":{"rendered":"<p><strong>Sacos para Adubos e Insumos Personalizados: Proteja seus produtos com qualidade!<\/strong> Nossos sacos, fabricados com pl\u00e1stico de alta densidade, garantem a prote\u00e7\u00e3o dos seus adubos e insumos contra umidade e contamina\u00e7\u00f5es. Personalize com sua marca e destaque-se no mercado!<\/p>\n","protected":false},"featured_media":597,"comment_status":"open","ping_status":"closed","template":"","meta":{"_eb_attr":""},"product_cat":[39,38,35],"product_tag":[],"class_list":{"0":"post-571","1":"product","2":"type-product","3":"status-publish","4":"has-post-thumbnail","6":"product_cat-saco-para-adubo","7":"product_cat-sacos-diversos","8":"product_cat-sacos-plasticos","10":"first","11":"onbackorder","12":"taxable","13":"shipping-taxable","14":"product-type-simple"},"jetpack_sharing_enabled":true,"_links":{"self":[{"href":"https:\/\/embalapersonalizados.com.br\/index.php\/wp-json\/wp\/v2\/product\/571"}],"collection":[{"href":"https:\/\/embalapersonalizados.com.br\/index.php\/wp-json\/wp\/v2\/product"}],"about":[{"href":"https:\/\/embalapersonalizados.com.br\/index.php\/wp-json\/wp\/v2\/types\/product"}],"replies":[{"embeddable":true,"href":"https:\/\/embalapersonalizados.com.br\/index.php\/wp-json\/wp\/v2\/comments?post=571"}],"wp:featuredmedia":[{"embeddable":true,"href":"https:\/\/embalapersonalizados.com.br\/index.php\/wp-json\/wp\/v2\/media\/597"}],"wp:attachment":[{"href":"https:\/\/embalapersonalizados.com.br\/index.php\/wp-json\/wp\/v2\/media?parent=571"}],"wp:term":[{"taxonomy":"product_cat","embeddable":true,"href":"https:\/\/embalapersonalizados.com.br\/index.php\/wp-json\/wp\/v2\/product_cat?post=571"},{"taxonomy":"product_tag","embeddable":true,"href":"https:\/\/embalapersonalizados.com.br\/index.php\/wp-json\/wp\/v2\/product_tag?post=571"}],"curies":[{"name":"wp","href":"https:\/\/api.w.org\/{rel}","templated":true}]}}